{"id":1054,"date":"2025-03-04T09:44:42","date_gmt":"2025-03-04T08:44:42","guid":{"rendered":"https:\/\/barettosanvigilio.it\/menu\/"},"modified":"2026-04-07T09:47:18","modified_gmt":"2026-04-07T07:47:18","slug":"menu","status":"publish","type":"page","link":"https:\/\/barettosanvigilio.it\/en\/menu\/","title":{"rendered":"Menu"},"content":{"rendered":"\t\t<div data-elementor-type=\"wp-page\" data-elementor-id=\"1054\" class=\"elementor elementor-1054 elementor-267\" data-elementor-post-type=\"page\">\n\t\t\t\t<div class=\"elementor-element elementor-element-d192176 e-flex e-con-boxed e-con e-parent\" data-id=\"d192176\" data-element_type=\"container\" data-e-type=\"container\">\n\t\t\t\t\t<div class=\"e-con-inner\">\n\t\t<div class=\"elementor-element elementor-element-2adc442 e-con-full e-flex e-con e-child\" data-id=\"2adc442\" data-element_type=\"container\" data-e-type=\"container\">\n\t\t\t\t<div class=\"elementor-element elementor-element-33ce7ed elementor-widget elementor-widget-text-editor\" data-id=\"33ce7ed\" data-element_type=\"widget\" data-e-type=\"widget\" data-widget_type=\"text-editor.default\">\n\t\t\t\t<div class=\"elementor-widget-container\">\n\t\t\t\t\t\t\t\t\t<p>Menu<\/p>\t\t\t\t\t\t\t\t<\/div>\n\t\t\t\t<\/div>\n\t\t\t\t<div class=\"elementor-element elementor-element-e1168f3 elementor-widget elementor-widget-text-editor\" data-id=\"e1168f3\" data-element_type=\"widget\" data-e-type=\"widget\" data-widget_type=\"text-editor.default\">\n\t\t\t\t<div class=\"elementor-widget-container\">\n\t\t\t\t\t\t\t\t\t<p>\u201cA curate cuisine, aimed at enhancing the essential flavors.\u201d<\/p>\t\t\t\t\t\t\t\t<\/div>\n\t\t\t\t<\/div>\n\t\t\t\t<\/div>\n\t\t\t\t\t<\/div>\n\t\t\t\t<\/div>\n\t\t<div class=\"elementor-element elementor-element-22d69fd e-grid e-con-boxed e-con e-parent\" data-id=\"22d69fd\" data-element_type=\"container\" data-e-type=\"container\">\n\t\t\t\t\t<div class=\"e-con-inner\">\n\t\t<a class=\"elementor-element elementor-element-255b293 e-con-full cardMenu  elementor-hidden-desktop elementor-hidden-tablet elementor-hidden-mobile e-flex e-con e-child\" data-id=\"255b293\" data-element_type=\"container\" data-e-type=\"container\" id=\"cucinaCard\" href=\"https:\/\/drive.google.com\/file\/d\/10G7oXNQMbGKtGipfT02v4JK0kiQuIWtu\/view?usp=sharing\" target=\"_blank\">\n\t\t<div class=\"elementor-element elementor-element-257da48 e-con-full filtroImg e-flex e-con e-child\" data-id=\"257da48\" data-element_type=\"container\" data-e-type=\"container\" id=\"cucinaImg\" data-settings=\"{&quot;background_background&quot;:&quot;classic&quot;}\">\n\t\t\t\t<\/div>\n\t\t\t\t<div class=\"elementor-element elementor-element-3292e46 elementor-widget elementor-widget-text-editor\" data-id=\"3292e46\" data-element_type=\"widget\" data-e-type=\"widget\" data-widget_type=\"text-editor.default\">\n\t\t\t\t<div class=\"elementor-widget-container\">\n\t\t\t\t\t\t\t\t\t<p>Valentine&#8217;s Day Menu<\/p>\t\t\t\t\t\t\t\t<\/div>\n\t\t\t\t<\/div>\n\t\t\t\t<\/a>\n\t\t<a class=\"elementor-element elementor-element-9b51d62 e-con-full cardMenu  elementor-hidden-desktop elementor-hidden-tablet elementor-hidden-mobile e-flex e-con e-child\" data-id=\"9b51d62\" data-element_type=\"container\" data-e-type=\"container\" href=\"https:\/\/drive.google.com\/file\/d\/1GLDJy1rCJNDM5bnIE1d9dROtpKd4CvPQ\/view?usp=drive_link\" target=\"_blank\">\n\t\t<div class=\"elementor-element elementor-element-316cd8a e-con-full filtroImg e-flex e-con e-child\" data-id=\"316cd8a\" data-element_type=\"container\" data-e-type=\"container\" data-settings=\"{&quot;background_background&quot;:&quot;classic&quot;}\">\n\t\t\t\t<\/div>\n\t\t\t\t<div class=\"elementor-element elementor-element-34253b3 elementor-widget elementor-widget-text-editor\" data-id=\"34253b3\" data-element_type=\"widget\" data-e-type=\"widget\" data-widget_type=\"text-editor.default\">\n\t\t\t\t<div class=\"elementor-widget-container\">\n\t\t\t\t\t\t\t\t\t<p>Easter Menu<\/p>\t\t\t\t\t\t\t\t<\/div>\n\t\t\t\t<\/div>\n\t\t\t\t<\/a>\n\t\t<a class=\"elementor-element elementor-element-744b7d7 e-con-full cardMenu  e-flex e-con e-child\" data-id=\"744b7d7\" data-element_type=\"container\" data-e-type=\"container\" href=\"https:\/\/drive.google.com\/file\/d\/1OT5YZKPja5AyvJV6qRnjADkdPiwllIco\/view?usp=drive_link\" target=\"_blank\">\n\t\t<div class=\"elementor-element elementor-element-c182db8 e-con-full filtroImg e-flex e-con e-child\" data-id=\"c182db8\" data-element_type=\"container\" data-e-type=\"container\" data-settings=\"{&quot;background_background&quot;:&quot;classic&quot;}\">\n\t\t\t\t<\/div>\n\t\t\t\t<div class=\"elementor-element elementor-element-4463a20 elementor-widget elementor-widget-text-editor\" data-id=\"4463a20\" data-element_type=\"widget\" data-e-type=\"widget\" data-widget_type=\"text-editor.default\">\n\t\t\t\t<div class=\"elementor-widget-container\">\n\t\t\t\t\t\t\t\t\t<p>Our Cuisine<\/p>\t\t\t\t\t\t\t\t<\/div>\n\t\t\t\t<\/div>\n\t\t\t\t<\/a>\n\t\t<a class=\"elementor-element elementor-element-9352429 e-con-full cardMenu e-flex e-con e-child\" data-id=\"9352429\" data-element_type=\"container\" data-e-type=\"container\" id=\"viniCard\" href=\"https:\/\/drive.google.com\/file\/d\/1f9FPYKwWEY7xYPyOkdZc-6juhci7T6Xt\/view?usp=drive_link\" target=\"_blank\">\n\t\t<div class=\"elementor-element elementor-element-4721cc3 e-con-full filtroImg e-flex e-con e-child\" data-id=\"4721cc3\" data-element_type=\"container\" data-e-type=\"container\" id=\"viniImg\" data-settings=\"{&quot;background_background&quot;:&quot;classic&quot;}\">\n\t\t\t\t<\/div>\n\t\t\t\t<div class=\"elementor-element elementor-element-3f44b7d elementor-widget elementor-widget-text-editor\" data-id=\"3f44b7d\" data-element_type=\"widget\" data-e-type=\"widget\" data-widget_type=\"text-editor.default\">\n\t\t\t\t<div class=\"elementor-widget-container\">\n\t\t\t\t\t\t\t\t\t<p>Wine List<\/p>\t\t\t\t\t\t\t\t<\/div>\n\t\t\t\t<\/div>\n\t\t\t\t<\/a>\n\t\t<a class=\"elementor-element elementor-element-6a58425 e-con-full cardMenu e-flex e-con e-child\" data-id=\"6a58425\" data-element_type=\"container\" data-e-type=\"container\" id=\"dolciCard\" href=\"https:\/\/drive.google.com\/file\/d\/1fNXvb9BcCUMzzfo-rWuedgzqPEwlH65I\/view?usp=drive_link\" target=\"_blank\">\n\t\t<div class=\"elementor-element elementor-element-2e93852 e-con-full filtroImg e-flex e-con e-child\" data-id=\"2e93852\" data-element_type=\"container\" data-e-type=\"container\" id=\"dolciImg\" data-settings=\"{&quot;background_background&quot;:&quot;classic&quot;}\">\n\t\t\t\t<\/div>\n\t\t\t\t<div class=\"elementor-element elementor-element-b22d77e elementor-widget elementor-widget-text-editor\" data-id=\"b22d77e\" data-element_type=\"widget\" data-e-type=\"widget\" data-widget_type=\"text-editor.default\">\n\t\t\t\t<div class=\"elementor-widget-container\">\n\t\t\t\t\t\t\t\t\t<p>The dessert<\/p>\t\t\t\t\t\t\t\t<\/div>\n\t\t\t\t<\/div>\n\t\t\t\t<\/a>\n\t\t<a class=\"elementor-element elementor-element-d7cd512 e-con-full cardMenu e-flex e-con e-child\" data-id=\"d7cd512\" data-element_type=\"container\" data-e-type=\"container\" id=\"barCard\" href=\"https:\/\/drive.google.com\/file\/d\/1kdVFEtoIcp3b0ryuWokI4rYOSAZcgPcD\/view?usp=drive_link\" target=\"_blank\">\n\t\t<div class=\"elementor-element elementor-element-79072a9 e-con-full filtroImg e-flex e-con e-child\" data-id=\"79072a9\" data-element_type=\"container\" data-e-type=\"container\" id=\"barImg\" data-settings=\"{&quot;background_background&quot;:&quot;classic&quot;}\">\n\t\t\t\t<\/div>\n\t\t\t\t<div class=\"elementor-element elementor-element-aceebe0 elementor-widget elementor-widget-text-editor\" data-id=\"aceebe0\" data-element_type=\"widget\" data-e-type=\"widget\" data-widget_type=\"text-editor.default\">\n\t\t\t\t<div class=\"elementor-widget-container\">\n\t\t\t\t\t\t\t\t\t<p>The Bar Service<\/p>\t\t\t\t\t\t\t\t<\/div>\n\t\t\t\t<\/div>\n\t\t\t\t<\/a>\n\t\t<a class=\"elementor-element elementor-element-0aef180 e-con-full cardMenu e-flex e-con e-child\" data-id=\"0aef180\" data-element_type=\"container\" data-e-type=\"container\" id=\"lunchCard\" href=\"https:\/\/drive.google.com\/file\/d\/1s4llGZthhLpapkJSI3xRYJnYIgH4Fd4N\/view?usp=drive_link\" target=\"_blank\">\n\t\t<div class=\"elementor-element elementor-element-7fe8974 e-con-full filtroImg e-flex e-con e-child\" data-id=\"7fe8974\" data-element_type=\"container\" data-e-type=\"container\" id=\"lunchImg\" data-settings=\"{&quot;background_background&quot;:&quot;classic&quot;}\">\n\t\t\t\t<\/div>\n\t\t\t\t<div class=\"elementor-element elementor-element-807245e elementor-widget elementor-widget-text-editor\" data-id=\"807245e\" data-element_type=\"widget\" data-e-type=\"widget\" data-widget_type=\"text-editor.default\">\n\t\t\t\t<div class=\"elementor-widget-container\">\n\t\t\t\t\t\t\t\t\t<p>Late lunch &#8211; menu from 2:30pm to 6pm<\/p>\t\t\t\t\t\t\t\t<\/div>\n\t\t\t\t<\/div>\n\t\t\t\t<\/a>\n\t\t<a class=\"elementor-element elementor-element-5ee8365 e-con-full cardMenu e-flex e-con e-child\" data-id=\"5ee8365\" data-element_type=\"container\" data-e-type=\"container\" id=\"lattosioCard\" href=\"https:\/\/drive.google.com\/file\/d\/1GLDJy1rCJNDM5bnIE1d9dROtpKd4CvPQ\/view?usp=drive_link\" target=\"_blank\">\n\t\t<div class=\"elementor-element elementor-element-b9f9c43 e-con-full e-flex e-con e-child\" data-id=\"b9f9c43\" data-element_type=\"container\" data-e-type=\"container\" id=\"lattosioDiv\" data-settings=\"{&quot;background_background&quot;:&quot;classic&quot;}\">\n\t\t\t\t<div class=\"elementor-element elementor-element-7c1688f hoverInt elementor-widget elementor-widget-heading\" data-id=\"7c1688f\" data-element_type=\"widget\" data-e-type=\"widget\" id=\"lattosioInt\" data-widget_type=\"heading.default\">\n\t\t\t\t<div class=\"elementor-widget-container\">\n\t\t\t\t\t<h2 class=\"elementor-heading-title elementor-size-default\">LF<\/h2>\t\t\t\t<\/div>\n\t\t\t\t<\/div>\n\t\t\t\t<\/div>\n\t\t\t\t<div class=\"elementor-element elementor-element-9d0836f testoLattosio elementor-widget elementor-widget-text-editor\" data-id=\"9d0836f\" data-element_type=\"widget\" data-e-type=\"widget\" data-widget_type=\"text-editor.default\">\n\t\t\t\t<div class=\"elementor-widget-container\">\n\t\t\t\t\t\t\t\t\t<p>Lactose Free Menu<\/p>\t\t\t\t\t\t\t\t<\/div>\n\t\t\t\t<\/div>\n\t\t\t\t<\/a>\n\t\t<a class=\"elementor-element elementor-element-2a50ee4 e-con-full cardMenu e-flex e-con e-child\" data-id=\"2a50ee4\" data-element_type=\"container\" data-e-type=\"container\" id=\"glutenCard\" href=\"https:\/\/drive.google.com\/file\/d\/1au0IdiwLXI1hF5Vyl1Ubkaqauol2v3QW\/view?usp=sharing\" target=\"_blank\">\n\t\t<div class=\"elementor-element elementor-element-b0ddf4e e-con-full e-flex e-con e-child\" data-id=\"b0ddf4e\" data-element_type=\"container\" data-e-type=\"container\" id=\"glutenDiv\" data-settings=\"{&quot;background_background&quot;:&quot;classic&quot;}\">\n\t\t\t\t<div class=\"elementor-element elementor-element-20d7a37 hoverInt elementor-widget elementor-widget-heading\" data-id=\"20d7a37\" data-element_type=\"widget\" data-e-type=\"widget\" id=\"glutenInt\" data-widget_type=\"heading.default\">\n\t\t\t\t<div class=\"elementor-widget-container\">\n\t\t\t\t\t<h2 class=\"elementor-heading-title elementor-size-default\">GF<\/h2>\t\t\t\t<\/div>\n\t\t\t\t<\/div>\n\t\t\t\t<\/div>\n\t\t\t\t<div class=\"elementor-element elementor-element-d5a9128 testoGluten elementor-widget elementor-widget-text-editor\" data-id=\"d5a9128\" data-element_type=\"widget\" data-e-type=\"widget\" data-widget_type=\"text-editor.default\">\n\t\t\t\t<div class=\"elementor-widget-container\">\n\t\t\t\t\t\t\t\t\t<p>Gluten Free Men\u00f9<\/p>\t\t\t\t\t\t\t\t<\/div>\n\t\t\t\t<\/div>\n\t\t\t\t<\/a>\n\t\t<a class=\"elementor-element elementor-element-3100396 e-con-full cardMenu e-flex e-con e-child\" data-id=\"3100396\" data-element_type=\"container\" data-e-type=\"container\" id=\"glCard\" href=\"https:\/\/drive.google.com\/file\/d\/1rfqOrKz9Fhv0AXxvTbKEDNBibbG6CnoO\/view?usp=sharing\" target=\"_blank\">\n\t\t<div class=\"elementor-element elementor-element-7f8a4b9 e-con-full e-flex e-con e-child\" data-id=\"7f8a4b9\" data-element_type=\"container\" data-e-type=\"container\" id=\"glDiv\" data-settings=\"{&quot;background_background&quot;:&quot;classic&quot;}\">\n\t\t\t\t<div class=\"elementor-element elementor-element-c3f5931 hoverInt elementor-widget elementor-widget-heading\" data-id=\"c3f5931\" data-element_type=\"widget\" data-e-type=\"widget\" id=\"glInt\" data-widget_type=\"heading.default\">\n\t\t\t\t<div class=\"elementor-widget-container\">\n\t\t\t\t\t<h2 class=\"elementor-heading-title elementor-size-default\">GF + LF<\/h2>\t\t\t\t<\/div>\n\t\t\t\t<\/div>\n\t\t\t\t<\/div>\n\t\t\t\t<div class=\"elementor-element elementor-element-788b018 testoGl elementor-widget elementor-widget-text-editor\" data-id=\"788b018\" data-element_type=\"widget\" data-e-type=\"widget\" data-widget_type=\"text-editor.default\">\n\t\t\t\t<div class=\"elementor-widget-container\">\n\t\t\t\t\t\t\t\t\t<p>Gluten Free + Lactose Free Men\u00f9<\/p>\t\t\t\t\t\t\t\t<\/div>\n\t\t\t\t<\/div>\n\t\t\t\t<\/a>\n\t\t<a class=\"elementor-element elementor-element-06394e6 e-con-full cardMenu e-flex e-con e-child\" data-id=\"06394e6\" data-element_type=\"container\" data-e-type=\"container\" id=\"vegeCard\" href=\"https:\/\/drive.google.com\/file\/d\/1uuCSPvnQocIFhfz5LS0jlAYIbT3rd2qN\/view?usp=sharing\" target=\"_blank\">\n\t\t<div class=\"elementor-element elementor-element-30e96eb e-con-full e-flex e-con e-child\" data-id=\"30e96eb\" data-element_type=\"container\" data-e-type=\"container\" id=\"vegeDiv\" data-settings=\"{&quot;background_background&quot;:&quot;classic&quot;}\">\n\t\t\t\t<div class=\"elementor-element elementor-element-399d3e1 hoverInt elementor-widget elementor-widget-heading\" data-id=\"399d3e1\" data-element_type=\"widget\" data-e-type=\"widget\" id=\"vegeInt\" data-widget_type=\"heading.default\">\n\t\t\t\t<div class=\"elementor-widget-container\">\n\t\t\t\t\t<h2 class=\"elementor-heading-title elementor-size-default\">VG<\/h2>\t\t\t\t<\/div>\n\t\t\t\t<\/div>\n\t\t\t\t<\/div>\n\t\t\t\t<div class=\"elementor-element elementor-element-1a1e642 testoVege elementor-widget elementor-widget-text-editor\" data-id=\"1a1e642\" data-element_type=\"widget\" data-e-type=\"widget\" data-widget_type=\"text-editor.default\">\n\t\t\t\t<div class=\"elementor-widget-container\">\n\t\t\t\t\t\t\t\t\t<p>Vegetarian Men\u00f9<\/p>\t\t\t\t\t\t\t\t<\/div>\n\t\t\t\t<\/div>\n\t\t\t\t<\/a>\n\t\t<a class=\"elementor-element elementor-element-7906e10 e-con-full cardMenu  elementor-hidden-desktop elementor-hidden-tablet elementor-hidden-mobile e-flex e-con e-child\" data-id=\"7906e10\" data-element_type=\"container\" data-e-type=\"container\" href=\"https:\/\/drive.google.com\/file\/d\/19U-QH1CFz4N13dyGGZqRLuFJnnx9xFoB\/view?usp=drive_link\" target=\"_blank\">\n\t\t<div class=\"elementor-element elementor-element-1869a9f e-con-full filtroImg e-flex e-con e-child\" data-id=\"1869a9f\" data-element_type=\"container\" data-e-type=\"container\" data-settings=\"{&quot;background_background&quot;:&quot;classic&quot;}\">\n\t\t\t\t<\/div>\n\t\t\t\t<div class=\"elementor-element elementor-element-1921b6f elementor-widget elementor-widget-text-editor\" data-id=\"1921b6f\" data-element_type=\"widget\" data-e-type=\"widget\" data-widget_type=\"text-editor.default\">\n\t\t\t\t<div class=\"elementor-widget-container\">\n\t\t\t\t\t\t\t\t\t<p>The New Year&#8217;s menu<\/p>\t\t\t\t\t\t\t\t<\/div>\n\t\t\t\t<\/div>\n\t\t\t\t<\/a>\n\t\t<a class=\"elementor-element elementor-element-215611b e-con-full cardMenu  elementor-hidden-desktop elementor-hidden-tablet elementor-hidden-mobile e-flex e-con e-child\" data-id=\"215611b\" data-element_type=\"container\" data-e-type=\"container\" href=\"https:\/\/drive.google.com\/file\/d\/1fzHELZPcgUmzLUmfIF1hPQfzg3_qzLlj\/view?usp=drive_link\" target=\"_blank\">\n\t\t<div class=\"elementor-element elementor-element-6008b45 e-con-full filtroImg e-flex e-con e-child\" data-id=\"6008b45\" data-element_type=\"container\" data-e-type=\"container\" data-settings=\"{&quot;background_background&quot;:&quot;classic&quot;}\">\n\t\t\t\t<\/div>\n\t\t\t\t<div class=\"elementor-element elementor-element-4d78081 elementor-widget elementor-widget-text-editor\" data-id=\"4d78081\" data-element_type=\"widget\" data-e-type=\"widget\" data-widget_type=\"text-editor.default\">\n\t\t\t\t<div class=\"elementor-widget-container\">\n\t\t\t\t\t\t\t\t\t<p>Christmas Men\u00f9<\/p>\t\t\t\t\t\t\t\t<\/div>\n\t\t\t\t<\/div>\n\t\t\t\t<\/a>\n\t\t<a class=\"elementor-element elementor-element-b277e9c e-con-full cardMenu elementor-hidden-desktop elementor-hidden-tablet elementor-hidden-mobile e-flex e-con e-child\" data-id=\"b277e9c\" data-element_type=\"container\" data-e-type=\"container\" id=\"pasquaCard\" href=\"https:\/\/barettosanvigilio.it\/wp-content\/uploads\/2025\/03\/pasqua2025Baretto.pdf\" target=\"_blank\">\n\t\t<div class=\"elementor-element elementor-element-729be05 e-con-full filtroImg e-flex e-con e-child\" data-id=\"729be05\" data-element_type=\"container\" data-e-type=\"container\" id=\"pasquaImg\" data-settings=\"{&quot;background_background&quot;:&quot;classic&quot;}\">\n\t\t\t\t<\/div>\n\t\t\t\t<div class=\"elementor-element elementor-element-483d5f1 elementor-widget elementor-widget-text-editor\" data-id=\"483d5f1\" data-element_type=\"widget\" data-e-type=\"widget\" data-widget_type=\"text-editor.default\">\n\t\t\t\t<div class=\"elementor-widget-container\">\n\t\t\t\t\t\t\t\t\t<p>Easter menu<\/p>\t\t\t\t\t\t\t\t<\/div>\n\t\t\t\t<\/div>\n\t\t\t\t<\/a>\n\t\t<a class=\"elementor-element elementor-element-4d45c6f e-con-full cardMenu  elementor-hidden-tablet elementor-hidden-mobile elementor-hidden-desktop e-flex e-con e-child\" data-id=\"4d45c6f\" data-element_type=\"container\" data-e-type=\"container\" id=\"valeCard\">\n\t\t<div class=\"elementor-element elementor-element-ca869e8 e-con-full filtroImg e-flex e-con e-child\" data-id=\"ca869e8\" data-element_type=\"container\" data-e-type=\"container\" id=\"valeImg\" data-settings=\"{&quot;background_background&quot;:&quot;classic&quot;}\">\n\t\t\t\t<\/div>\n\t\t\t\t<div class=\"elementor-element elementor-element-bce3047 elementor-widget elementor-widget-text-editor\" data-id=\"bce3047\" data-element_type=\"widget\" data-e-type=\"widget\" data-widget_type=\"text-editor.default\">\n\t\t\t\t<div class=\"elementor-widget-container\">\n\t\t\t\t\t\t\t\t\t<p>Valentine&#8217;s Day Menu<\/p>\t\t\t\t\t\t\t\t<\/div>\n\t\t\t\t<\/div>\n\t\t\t\t<\/a>\n\t\t<a class=\"elementor-element elementor-element-cfce54e e-con-full cardMenu elementor-hidden-tablet elementor-hidden-mobile elementor-hidden-desktop e-flex e-con e-child\" data-id=\"cfce54e\" data-element_type=\"container\" data-e-type=\"container\" id=\"ferialiCard\" href=\"https:\/\/barettosanvigilio.it\/wp-content\/uploads\/2025\/03\/pranzo-feriale.pdf\">\n\t\t<div class=\"elementor-element elementor-element-f11260c e-con-full filtroImg e-flex e-con e-child\" data-id=\"f11260c\" data-element_type=\"container\" data-e-type=\"container\" id=\"ferialiImg\" data-settings=\"{&quot;background_background&quot;:&quot;classic&quot;}\">\n\t\t\t\t<\/div>\n\t\t\t\t<div class=\"elementor-element elementor-element-b3ea011 elementor-widget elementor-widget-text-editor\" data-id=\"b3ea011\" data-element_type=\"widget\" data-e-type=\"widget\" data-widget_type=\"text-editor.default\">\n\t\t\t\t<div class=\"elementor-widget-container\">\n\t\t\t\t\t\t\t\t\t<p>The Weekday Menu<\/p>\t\t\t\t\t\t\t\t<\/div>\n\t\t\t\t<\/div>\n\t\t\t\t<\/a>\n\t\t<a class=\"elementor-element elementor-element-0705a68 e-con-full cardMenu elementor-hidden-tablet elementor-hidden-mobile elementor-hidden-desktop e-flex e-con e-child\" data-id=\"0705a68\" data-element_type=\"container\" data-e-type=\"container\" id=\"nalataleCard\">\n\t\t<div class=\"elementor-element elementor-element-08887ee e-con-full filtroImg e-flex e-con e-child\" data-id=\"08887ee\" data-element_type=\"container\" data-e-type=\"container\" id=\"nataleImg\" data-settings=\"{&quot;background_background&quot;:&quot;classic&quot;}\">\n\t\t\t\t<\/div>\n\t\t\t\t<div class=\"elementor-element elementor-element-76593af elementor-widget elementor-widget-text-editor\" data-id=\"76593af\" data-element_type=\"widget\" data-e-type=\"widget\" data-widget_type=\"text-editor.default\">\n\t\t\t\t<div class=\"elementor-widget-container\">\n\t\t\t\t\t\t\t\t\t<p>The Christmas Menu<\/p>\t\t\t\t\t\t\t\t<\/div>\n\t\t\t\t<\/div>\n\t\t\t\t<\/a>\n\t\t<a class=\"elementor-element elementor-element-b31b83a e-con-full cardMenu elementor-hidden-tablet elementor-hidden-mobile elementor-hidden-desktop e-flex e-con e-child\" data-id=\"b31b83a\" data-element_type=\"container\" data-e-type=\"container\" id=\"capodannoCard\">\n\t\t<div class=\"elementor-element elementor-element-8eeb2b4 e-con-full filtroImg e-flex e-con e-child\" data-id=\"8eeb2b4\" data-element_type=\"container\" data-e-type=\"container\" id=\"capodannoImg\" data-settings=\"{&quot;background_background&quot;:&quot;classic&quot;}\">\n\t\t\t\t<\/div>\n\t\t\t\t<div class=\"elementor-element elementor-element-cad5b5e elementor-widget elementor-widget-text-editor\" data-id=\"cad5b5e\" data-element_type=\"widget\" data-e-type=\"widget\" data-widget_type=\"text-editor.default\">\n\t\t\t\t<div class=\"elementor-widget-container\">\n\t\t\t\t\t\t\t\t\t<p>The New Year&#8217;s menu<\/p>\t\t\t\t\t\t\t\t<\/div>\n\t\t\t\t<\/div>\n\t\t\t\t<\/a>\n\t\t\t\t\t<\/div>\n\t\t\t\t<\/div>\n\t\t\t\t<\/div>\n\t\t","protected":false},"excerpt":{"rendered":"<p>Menu \u201cA curate cuisine, aimed at enhancing the essential flavors.\u201d Valentine&#8217;s Day Menu Easter Menu Our Cuisine Wine List The dessert The Bar Service Late lunch &#8211; menu from 2:30pm to 6pm LF Lactose Free Menu GF Gluten Free Men\u00f9 GF + LF Gluten Free + Lactose Free Men\u00f9 VG Vegetarian Men\u00f9 The New Year&#8217;s [&hellip;]<\/p>\n","protected":false},"author":2,"featured_media":0,"parent":0,"menu_order":0,"comment_status":"closed","ping_status":"closed","template":"","meta":{"footnotes":""},"class_list":["post-1054","page","type-page","status-publish","hentry"],"_links":{"self":[{"href":"https:\/\/barettosanvigilio.it\/en\/wp-json\/wp\/v2\/pages\/1054","targetHints":{"allow":["GET"]}}],"collection":[{"href":"https:\/\/barettosanvigilio.it\/en\/wp-json\/wp\/v2\/pages"}],"about":[{"href":"https:\/\/barettosanvigilio.it\/en\/wp-json\/wp\/v2\/types\/page"}],"author":[{"embeddable":true,"href":"https:\/\/barettosanvigilio.it\/en\/wp-json\/wp\/v2\/users\/2"}],"replies":[{"embeddable":true,"href":"https:\/\/barettosanvigilio.it\/en\/wp-json\/wp\/v2\/comments?post=1054"}],"version-history":[{"count":25,"href":"https:\/\/barettosanvigilio.it\/en\/wp-json\/wp\/v2\/pages\/1054\/revisions"}],"predecessor-version":[{"id":1475,"href":"https:\/\/barettosanvigilio.it\/en\/wp-json\/wp\/v2\/pages\/1054\/revisions\/1475"}],"wp:attachment":[{"href":"https:\/\/barettosanvigilio.it\/en\/wp-json\/wp\/v2\/media?parent=1054"}],"curies":[{"name":"wp","href":"https:\/\/api.w.org\/{rel}","templated":true}]}}